{"id":312,"date":"2011-01-19T03:05:53","date_gmt":"2011-01-18T19:05:53","guid":{"rendered":"http:\/\/ryzoma.com\/wp\/?page_id=312"},"modified":"2019-05-16T21:01:28","modified_gmt":"2019-05-16T17:01:28","slug":"proyectos-en-curso","status":"publish","type":"page","link":"https:\/\/ryzoma.com\/?page_id=312","title":{"rendered":"Proyectos en curso"},"content":{"rendered":"<p> Want to pay for an essay, but have no idea which service to turn to? Have a look at our experts and choose normally the one that will help you tackle the needed project <a href=\"https:\/\/payforessay.net\/\">writing services<\/a> <\/p>\n<p><a href=\"http:\/\/ryzoma.com\/wp\/wp-content\/uploads\/2011\/01\/Sensaciones1.jpg\"><img loading=\"lazy\" decoding=\"async\" class=\"aligncenter size-medium wp-image-313\" title=\"Sensaciones\" src=\"http:\/\/ryzoma.com\/wp\/wp-content\/uploads\/2011\/01\/Sensaciones1-193x300.jpg\" alt=\"\" width=\"193\" height=\"300\" \/><\/a><\/p>\n<p>Siguiendo con los t\u00f3tems aqu\u00ed tengo una idea r\u00e1pida para la pr\u00f3xima escultura, un poco complicada para ensartarla sin huecos entre las piezas que quedan tan mal\u2026<\/p>\n<p>Ya mostrar\u00e9 el proceso\u2026<\/p>\n<p>Ah\u00a1 las piezas planas son de negro calatorao y el resto de bateig crema.<\/p>\n","protected":false},"excerpt":{"rendered":"<p>Want to pay for an essay, but have no idea which service to turn to? Have a look at our experts and choose normally the one that will help you tackle the needed project writing services Siguiendo con los t\u00f3tems aqu\u00ed tengo una idea r\u00e1pida para la pr\u00f3xima escultura, un poco complicada para ensartarla sin [&hellip;]<\/p>\n","protected":false},"author":1,"featured_media":0,"parent":0,"menu_order":0,"comment_status":"open","ping_status":"closed","template":"","meta":{"footnotes":""},"class_list":["post-312","page","type-page","status-publish","hentry"],"_links":{"self":[{"href":"https:\/\/ryzoma.com\/index.php?rest_route=\/wp\/v2\/pages\/312","targetHints":{"allow":["GET"]}}],"collection":[{"href":"https:\/\/ryzoma.com\/index.php?rest_route=\/wp\/v2\/pages"}],"about":[{"href":"https:\/\/ryzoma.com\/index.php?rest_route=\/wp\/v2\/types\/page"}],"author":[{"embeddable":true,"href":"https:\/\/ryzoma.com\/index.php?rest_route=\/wp\/v2\/users\/1"}],"replies":[{"embeddable":true,"href":"https:\/\/ryzoma.com\/index.php?rest_route=%2Fwp%2Fv2%2Fcomments&post=312"}],"version-history":[{"count":3,"href":"https:\/\/ryzoma.com\/index.php?rest_route=\/wp\/v2\/pages\/312\/revisions"}],"predecessor-version":[{"id":1295,"href":"https:\/\/ryzoma.com\/index.php?rest_route=\/wp\/v2\/pages\/312\/revisions\/1295"}],"wp:attachment":[{"href":"https:\/\/ryzoma.com\/index.php?rest_route=%2Fwp%2Fv2%2Fmedia&parent=312"}],"curies":[{"name":"wp","href":"https:\/\/api.w.org\/{rel}","templated":true}]}}